{"id":4525,"date":"2023-06-27T18:37:09","date_gmt":"2023-06-27T18:37:09","guid":{"rendered":"https:\/\/upbeat-carver.217-154-185-52.plesk.page\/?page_id=4525"},"modified":"2024-07-25T07:47:37","modified_gmt":"2024-07-25T07:47:37","slug":"experiencias","status":"publish","type":"page","link":"https:\/\/upbeat-carver.217-154-185-52.plesk.page\/?page_id=4525","title":{"rendered":"Experiencias"},"content":{"rendered":"\n<a class=\"tic-subheader-image\" style=\"display:none\" href=\"https:\/\/upbeat-carver.217-154-185-52.plesk.page\/wp-content\/uploads\/2024\/06\/cabecera-expe-2.webp\"><\/a>\n\n\n\n<div style=\"height:30px\" aria-hidden=\"true\" class=\"wp-block-spacer\"><\/div>\n\n\n\n<div class=\"wp-block-group tic-page-content\"><div class=\"wp-block-group__inner-container is-layout-constrained wp-block-group-is-layout-constrained\">\n<p class=\"tic-contenido-principal\">Descubre un mundo de sensaciones \u00fanicas con las experiencias tur\u00edsticas que te ofrece la <strong>Sierra de Francia<\/strong>.&nbsp;Ad\u00e9ntrate en la cultura local,&nbsp;saborea la gastronom\u00eda aut\u00e9ntica,&nbsp;vive aventuras emocionantes o rel\u00e1jate en nuestros espacios naturales. Experiencias para todos los gustos, elige entre una amplia variedad de actividades dise\u00f1adas para ti. Un viaje sorprendente e irrepetible, crea recuerdos inolvidables que te acompa\u00f1ar\u00e1n para siempre.<\/p>\n\n\n\n<p class=\"has-text-align-center tic-cita\">\u00a1Explora lo aut\u00e9ntico: vive&nbsp;experiencias \u00fanicas&nbsp;en los pueblos m\u00e1s bonitos de la Sierra de Francia!<\/p>\n\n\n\n<div style=\"height:30px\" aria-hidden=\"true\" class=\"wp-block-spacer\"><\/div>\n\n\n\n<div class=\"wp-block-group tic-content-mosaic\"><div class=\"wp-block-group__inner-container is-layout-constrained wp-block-group-is-layout-constrained\">\n<div class=\"wp-block-columns is-layout-flex wp-container-core-columns-is-layout-9d6595d7 wp-block-columns-is-layout-flex\">\n<div class=\"wp-block-column is-layout-flow wp-block-column-is-layout-flow\">\n<div class=\"wp-block-cover aligncenter is-light has-custom-content-position is-position-bottom-center tic-image-mosaic\"><span aria-hidden=\"true\" class=\"wp-block-cover__background has-background-dim-10 has-background-dim\" style=\"background-color:#535355\"><\/span><img fetchpriority=\"high\" decoding=\"async\" width=\"1400\" height=\"788\" class=\"wp-block-cover__image-background wp-image-11678\" alt=\"\" src=\"https:\/\/upbeat-carver.217-154-185-52.plesk.page\/wp-content\/uploads\/2023\/12\/salamanca_gastronomia2-copia-1.webp\" data-object-fit=\"cover\" srcset=\"https:\/\/upbeat-carver.217-154-185-52.plesk.page\/wp-content\/uploads\/2023\/12\/salamanca_gastronomia2-copia-1.webp 1400w, https:\/\/upbeat-carver.217-154-185-52.plesk.page\/wp-content\/uploads\/2023\/12\/salamanca_gastronomia2-copia-1-300x169.webp 300w, https:\/\/upbeat-carver.217-154-185-52.plesk.page\/wp-content\/uploads\/2023\/12\/salamanca_gastronomia2-copia-1-1024x576.webp 1024w, https:\/\/upbeat-carver.217-154-185-52.plesk.page\/wp-content\/uploads\/2023\/12\/salamanca_gastronomia2-copia-1-768x432.webp 768w, https:\/\/upbeat-carver.217-154-185-52.plesk.page\/wp-content\/uploads\/2023\/12\/salamanca_gastronomia2-copia-1-133x75.webp 133w, https:\/\/upbeat-carver.217-154-185-52.plesk.page\/wp-content\/uploads\/2023\/12\/salamanca_gastronomia2-copia-1-1200x675.webp 1200w, https:\/\/upbeat-carver.217-154-185-52.plesk.page\/wp-content\/uploads\/2023\/12\/salamanca_gastronomia2-copia-1-480x270.webp 480w\" sizes=\"(max-width:767px) 480px, (max-width:1400px) 100vw, 1400px\" \/><div class=\"wp-block-cover__inner-container is-layout-flow wp-block-cover-is-layout-flow\">\n<p class=\"has-text-align-center tic-link-mosaic has-medium-font-size\"><strong><a href=\"https:\/\/upbeat-carver.217-154-185-52.plesk.page\/experiencias\/catas-y-degustaciones\/\">Catas y Degustaciones<\/a><\/strong><\/p>\n<\/div><\/div>\n<\/div>\n\n\n\n<div class=\"wp-block-column is-layout-flow wp-block-column-is-layout-flow\">\n<div class=\"wp-block-cover aligncenter is-light has-custom-content-position is-position-bottom-center tic-image-mosaic\"><span aria-hidden=\"true\" class=\"wp-block-cover__background has-background-dim-10 has-background-dim\" style=\"background-color:#787b7b\"><\/span><img decoding=\"async\" width=\"1400\" height=\"788\" class=\"wp-block-cover__image-background wp-image-11788\" alt=\"donde dormir\" src=\"https:\/\/upbeat-carver.217-154-185-52.plesk.page\/wp-content\/uploads\/2023\/12\/donde-dormir-2.webp\" data-object-fit=\"cover\" srcset=\"https:\/\/upbeat-carver.217-154-185-52.plesk.page\/wp-content\/uploads\/2023\/12\/donde-dormir-2.webp 1400w, https:\/\/upbeat-carver.217-154-185-52.plesk.page\/wp-content\/uploads\/2023\/12\/donde-dormir-2-300x169.webp 300w, https:\/\/upbeat-carver.217-154-185-52.plesk.page\/wp-content\/uploads\/2023\/12\/donde-dormir-2-1024x576.webp 1024w, https:\/\/upbeat-carver.217-154-185-52.plesk.page\/wp-content\/uploads\/2023\/12\/donde-dormir-2-768x432.webp 768w, https:\/\/upbeat-carver.217-154-185-52.plesk.page\/wp-content\/uploads\/2023\/12\/donde-dormir-2-133x75.webp 133w, https:\/\/upbeat-carver.217-154-185-52.plesk.page\/wp-content\/uploads\/2023\/12\/donde-dormir-2-1200x675.webp 1200w, https:\/\/upbeat-carver.217-154-185-52.plesk.page\/wp-content\/uploads\/2023\/12\/donde-dormir-2-480x270.webp 480w\" sizes=\"(max-width:767px) 480px, (max-width:1400px) 100vw, 1400px\" \/><div class=\"wp-block-cover__inner-container is-layout-flow wp-block-cover-is-layout-flow\">\n<p class=\"has-text-align-center tic-link-mosaic has-medium-font-size\"><strong><a href=\"https:\/\/upbeat-carver.217-154-185-52.plesk.page\/experiencias\/con-alojamiento\/\">Con Alojamiento<\/a><\/strong><\/p>\n<\/div><\/div>\n<\/div>\n\n\n\n<div class=\"wp-block-column is-layout-flow wp-block-column-is-layout-flow\">\n<div class=\"wp-block-cover aligncenter has-custom-content-position is-position-bottom-center tic-image-mosaic\"><span aria-hidden=\"true\" class=\"wp-block-cover__background has-background-dim-10 has-background-dim\" style=\"background-color:#636847\"><\/span><img decoding=\"async\" width=\"1000\" height=\"667\" class=\"wp-block-cover__image-background wp-image-12239\" alt=\"NATURALEZA\" src=\"https:\/\/upbeat-carver.217-154-185-52.plesk.page\/wp-content\/uploads\/2023\/12\/RANNA-CONSULTORIA-DIP-SALAMANCA-5-copia-2-2.webp\" style=\"object-position:31% 79%\" data-object-fit=\"cover\" data-object-position=\"31% 79%\" srcset=\"https:\/\/upbeat-carver.217-154-185-52.plesk.page\/wp-content\/uploads\/2023\/12\/RANNA-CONSULTORIA-DIP-SALAMANCA-5-copia-2-2.webp 1000w, https:\/\/upbeat-carver.217-154-185-52.plesk.page\/wp-content\/uploads\/2023\/12\/RANNA-CONSULTORIA-DIP-SALAMANCA-5-copia-2-2-300x200.webp 300w, https:\/\/upbeat-carver.217-154-185-52.plesk.page\/wp-content\/uploads\/2023\/12\/RANNA-CONSULTORIA-DIP-SALAMANCA-5-copia-2-2-768x512.webp 768w, https:\/\/upbeat-carver.217-154-185-52.plesk.page\/wp-content\/uploads\/2023\/12\/RANNA-CONSULTORIA-DIP-SALAMANCA-5-copia-2-2-112x75.webp 112w, https:\/\/upbeat-carver.217-154-185-52.plesk.page\/wp-content\/uploads\/2023\/12\/RANNA-CONSULTORIA-DIP-SALAMANCA-5-copia-2-2-480x320.webp 480w\" sizes=\"(max-width:767px) 480px, (max-width:1000px) 100vw, 1000px\" \/><div class=\"wp-block-cover__inner-container is-layout-flow wp-block-cover-is-layout-flow\">\n<p class=\"has-text-align-center tic-link-mosaic has-medium-font-size\"><strong><a href=\"https:\/\/upbeat-carver.217-154-185-52.plesk.page\/experiencias\/ecoturismo\/\">Ecoturismo<\/a><\/strong><\/p>\n<\/div><\/div>\n<\/div>\n<\/div>\n\n\n\n<div class=\"wp-block-columns is-layout-flex wp-container-core-columns-is-layout-9d6595d7 wp-block-columns-is-layout-flex\">\n<div class=\"wp-block-column is-layout-flow wp-block-column-is-layout-flow\">\n<div class=\"wp-block-cover aligncenter is-light has-custom-content-position is-position-bottom-center tic-image-mosaic\"><span aria-hidden=\"true\" class=\"wp-block-cover__background has-background-dim-10 has-background-dim\" style=\"background-color:#b3a195\"><\/span><img loading=\"lazy\" decoding=\"async\" width=\"1500\" height=\"1000\" class=\"wp-block-cover__image-background wp-image-613\" alt=\"\" src=\"https:\/\/upbeat-carver.217-154-185-52.plesk.page\/wp-content\/uploads\/2023\/03\/1-experiencias_familiares_ruta_vino_sierra_de_francia_10-1024x675-1.webp\" style=\"object-position:100% 62%\" data-object-fit=\"cover\" data-object-position=\"100% 62%\" srcset=\"https:\/\/upbeat-carver.217-154-185-52.plesk.page\/wp-content\/uploads\/2023\/03\/1-experiencias_familiares_ruta_vino_sierra_de_francia_10-1024x675-1.webp 1500w, https:\/\/upbeat-carver.217-154-185-52.plesk.page\/wp-content\/uploads\/2023\/03\/1-experiencias_familiares_ruta_vino_sierra_de_francia_10-1024x675-1-300x200.webp 300w, https:\/\/upbeat-carver.217-154-185-52.plesk.page\/wp-content\/uploads\/2023\/03\/1-experiencias_familiares_ruta_vino_sierra_de_francia_10-1024x675-1-1024x683.webp 1024w, https:\/\/upbeat-carver.217-154-185-52.plesk.page\/wp-content\/uploads\/2023\/03\/1-experiencias_familiares_ruta_vino_sierra_de_francia_10-1024x675-1-768x512.webp 768w, https:\/\/upbeat-carver.217-154-185-52.plesk.page\/wp-content\/uploads\/2023\/03\/1-experiencias_familiares_ruta_vino_sierra_de_francia_10-1024x675-1-219x146.webp 219w, https:\/\/upbeat-carver.217-154-185-52.plesk.page\/wp-content\/uploads\/2023\/03\/1-experiencias_familiares_ruta_vino_sierra_de_francia_10-1024x675-1-50x33.webp 50w, https:\/\/upbeat-carver.217-154-185-52.plesk.page\/wp-content\/uploads\/2023\/03\/1-experiencias_familiares_ruta_vino_sierra_de_francia_10-1024x675-1-113x75.webp 113w, https:\/\/upbeat-carver.217-154-185-52.plesk.page\/wp-content\/uploads\/2023\/03\/1-experiencias_familiares_ruta_vino_sierra_de_francia_10-1024x675-1-800x533.webp 800w\" sizes=\"(max-width:767px) 480px, (max-width:1500px) 100vw, 1500px\" \/><div class=\"wp-block-cover__inner-container is-layout-flow wp-block-cover-is-layout-flow\">\n<p class=\"has-text-align-center tic-link-mosaic has-medium-font-size\"><strong><strong><a href=\"https:\/\/upbeat-carver.217-154-185-52.plesk.page\/experiencias\/en-familia\/\">En Familia<\/a><\/strong><\/strong><\/p>\n<\/div><\/div>\n<\/div>\n\n\n\n<div class=\"wp-block-column is-layout-flow wp-block-column-is-layout-flow\">\n<div class=\"wp-block-cover aligncenter has-custom-content-position is-position-bottom-center tic-image-mosaic\"><span aria-hidden=\"true\" class=\"wp-block-cover__background has-background-dim-10 has-background-dim\" style=\"background-color:#8b959a\"><\/span><img loading=\"lazy\" decoding=\"async\" width=\"1400\" height=\"934\" class=\"wp-block-cover__image-background wp-image-13593\" alt=\"\" src=\"https:\/\/upbeat-carver.217-154-185-52.plesk.page\/wp-content\/uploads\/2024\/05\/visita-guiada-mogarraz.webp\" style=\"object-position:76% 73%\" data-object-fit=\"cover\" data-object-position=\"76% 73%\" srcset=\"https:\/\/upbeat-carver.217-154-185-52.plesk.page\/wp-content\/uploads\/2024\/05\/visita-guiada-mogarraz.webp 1400w, https:\/\/upbeat-carver.217-154-185-52.plesk.page\/wp-content\/uploads\/2024\/05\/visita-guiada-mogarraz-300x200.webp 300w, https:\/\/upbeat-carver.217-154-185-52.plesk.page\/wp-content\/uploads\/2024\/05\/visita-guiada-mogarraz-1024x683.webp 1024w, https:\/\/upbeat-carver.217-154-185-52.plesk.page\/wp-content\/uploads\/2024\/05\/visita-guiada-mogarraz-768x512.webp 768w, https:\/\/upbeat-carver.217-154-185-52.plesk.page\/wp-content\/uploads\/2024\/05\/visita-guiada-mogarraz-112x75.webp 112w, https:\/\/upbeat-carver.217-154-185-52.plesk.page\/wp-content\/uploads\/2024\/05\/visita-guiada-mogarraz-480x320.webp 480w\" sizes=\"(max-width:767px) 480px, (max-width:1400px) 100vw, 1400px\" \/><div class=\"wp-block-cover__inner-container is-layout-flow wp-block-cover-is-layout-flow\">\n<p class=\"has-text-align-center tic-link-mosaic has-medium-font-size\"><strong><a href=\"https:\/\/upbeat-carver.217-154-185-52.plesk.page\/experiencias\/visita-guiada\/\">Visita Guiada<\/a><\/strong><\/p>\n<\/div><\/div>\n<\/div>\n<\/div>\n<\/div><\/div>\n<\/div><\/div>\n\n\n\n<div style=\"height:30px\" aria-hidden=\"true\" class=\"wp-block-spacer\"><\/div>\n","protected":false},"excerpt":{"rendered":"<p>Descubre un mundo de sensaciones \u00fanicas con las experiencias tur\u00edsticas que te ofrece la Sierra de Francia.&nbsp;Ad\u00e9ntrate en la cultura&hellip; <a class=\"continue\" href=\"https:\/\/upbeat-carver.217-154-185-52.plesk.page\/?page_id=4525\">Seguir leyendo<span> Experiencias<\/span><\/a><\/p>\n","protected":false},"author":1,"featured_media":0,"parent":0,"menu_order":0,"comment_status":"closed","ping_status":"closed","template":"","meta":{"advgb_blocks_editor_width":"","advgb_blocks_columns_visual_guide":"","footnotes":""},"class_list":["post-4525","page","type-page","status-publish","hentry"],"yoast_head":"<!-- This site is optimized with the Yoast SEO plugin v27.2 - https:\/\/yoast.com\/product\/yoast-seo-wordpress\/ -->\n<title>Experiencias - Sierra de Francia<\/title>\n<meta name=\"description\" content=\"Descubre las experiencias creadas para adaptarse a todos los gustos y necesidades. Deportivos, gastron\u00f3micos, culturales, especiales ...\" \/>\n<meta name=\"robots\" content=\"index, follow, max-snippet:-1, max-image-preview:large, max-video-preview:-1\" \/>\n<link rel=\"canonical\" href=\"https:\/\/upbeat-carver.217-154-185-52.plesk.page\/experiencias\/\" \/>\n<meta property=\"og:locale\" content=\"es_ES\" \/>\n<meta property=\"og:type\" content=\"article\" \/>\n<meta property=\"og:title\" content=\"Experiencias - Sierra de Francia\" \/>\n<meta property=\"og:description\" content=\"Descubre las experiencias creadas para adaptarse a todos los gustos y necesidades. Deportivos, gastron\u00f3micos, culturales, especiales ...\" \/>\n<meta property=\"og:url\" content=\"https:\/\/upbeat-carver.217-154-185-52.plesk.page\/experiencias\/\" \/>\n<meta property=\"og:site_name\" content=\"Sierra de Francia\" \/>\n<meta property=\"article:publisher\" content=\"https:\/\/www.facebook.com\/visitasierradefrancia\/\" \/>\n<meta property=\"article:modified_time\" content=\"2024-07-25T07:47:37+00:00\" \/>\n<meta property=\"og:image\" content=\"https:\/\/upbeat-carver.217-154-185-52.plesk.page\/wp-content\/uploads\/2023\/12\/salamanca_gastronomia2-copia-1.webp\" \/>\n<meta name=\"twitter:card\" content=\"summary_large_image\" \/>\n<meta name=\"twitter:site\" content=\"@visitaSF\" \/>\n<meta name=\"twitter:label1\" content=\"Tiempo de lectura\" \/>\n\t<meta name=\"twitter:data1\" content=\"2 minutos\" \/>\n<script type=\"application\/ld+json\" class=\"yoast-schema-graph\">{\"@context\":\"https:\/\/schema.org\",\"@graph\":[{\"@type\":\"WebPage\",\"@id\":\"https:\/\/upbeat-carver.217-154-185-52.plesk.page\/experiencias\/\",\"url\":\"https:\/\/upbeat-carver.217-154-185-52.plesk.page\/experiencias\/\",\"name\":\"Experiencias - Sierra de Francia\",\"isPartOf\":{\"@id\":\"https:\/\/upbeat-carver.217-154-185-52.plesk.page\/#website\"},\"primaryImageOfPage\":{\"@id\":\"https:\/\/upbeat-carver.217-154-185-52.plesk.page\/experiencias\/#primaryimage\"},\"image\":{\"@id\":\"https:\/\/upbeat-carver.217-154-185-52.plesk.page\/experiencias\/#primaryimage\"},\"thumbnailUrl\":\"https:\/\/upbeat-carver.217-154-185-52.plesk.page\/wp-content\/uploads\/2023\/12\/salamanca_gastronomia2-copia-1.webp\",\"datePublished\":\"2023-06-27T18:37:09+00:00\",\"dateModified\":\"2024-07-25T07:47:37+00:00\",\"description\":\"Descubre las experiencias creadas para adaptarse a todos los gustos y necesidades. Deportivos, gastron\u00f3micos, culturales, especiales ...\",\"breadcrumb\":{\"@id\":\"https:\/\/upbeat-carver.217-154-185-52.plesk.page\/experiencias\/#breadcrumb\"},\"inLanguage\":\"es\",\"potentialAction\":[{\"@type\":\"ReadAction\",\"target\":[\"https:\/\/upbeat-carver.217-154-185-52.plesk.page\/experiencias\/\"]}]},{\"@type\":\"ImageObject\",\"inLanguage\":\"es\",\"@id\":\"https:\/\/upbeat-carver.217-154-185-52.plesk.page\/experiencias\/#primaryimage\",\"url\":\"https:\/\/upbeat-carver.217-154-185-52.plesk.page\/wp-content\/uploads\/2023\/12\/salamanca_gastronomia2-copia-1.webp\",\"contentUrl\":\"https:\/\/upbeat-carver.217-154-185-52.plesk.page\/wp-content\/uploads\/2023\/12\/salamanca_gastronomia2-copia-1.webp\"},{\"@type\":\"BreadcrumbList\",\"@id\":\"https:\/\/upbeat-carver.217-154-185-52.plesk.page\/experiencias\/#breadcrumb\",\"itemListElement\":[{\"@type\":\"ListItem\",\"position\":1,\"name\":\"Inicio\",\"item\":\"https:\/\/upbeat-carver.217-154-185-52.plesk.page\/\"},{\"@type\":\"ListItem\",\"position\":2,\"name\":\"Experiencias\"}]},{\"@type\":\"WebSite\",\"@id\":\"https:\/\/upbeat-carver.217-154-185-52.plesk.page\/#website\",\"url\":\"https:\/\/upbeat-carver.217-154-185-52.plesk.page\/\",\"name\":\"Sierra de Francia\",\"description\":\"\",\"publisher\":{\"@id\":\"https:\/\/upbeat-carver.217-154-185-52.plesk.page\/#organization\"},\"alternateName\":\"Turismo Sierra de Francia\",\"potentialAction\":[{\"@type\":\"SearchAction\",\"target\":{\"@type\":\"EntryPoint\",\"urlTemplate\":\"https:\/\/upbeat-carver.217-154-185-52.plesk.page\/?s={search_term_string}\"},\"query-input\":{\"@type\":\"PropertyValueSpecification\",\"valueRequired\":true,\"valueName\":\"search_term_string\"}}],\"inLanguage\":\"es\"},{\"@type\":\"Organization\",\"@id\":\"https:\/\/upbeat-carver.217-154-185-52.plesk.page\/#organization\",\"name\":\"Sierra de Francia\",\"alternateName\":\"Turismo Sierra de Francia\",\"url\":\"https:\/\/upbeat-carver.217-154-185-52.plesk.page\/\",\"logo\":{\"@type\":\"ImageObject\",\"inLanguage\":\"es\",\"@id\":\"https:\/\/upbeat-carver.217-154-185-52.plesk.page\/#\/schema\/logo\/image\/\",\"url\":\"https:\/\/upbeat-carver.217-154-185-52.plesk.page\/wp-content\/uploads\/2024\/04\/cropped-logo_redondo-removebg-preview.png\",\"contentUrl\":\"https:\/\/upbeat-carver.217-154-185-52.plesk.page\/wp-content\/uploads\/2024\/04\/cropped-logo_redondo-removebg-preview.png\",\"width\":512,\"height\":512,\"caption\":\"Sierra de Francia\"},\"image\":{\"@id\":\"https:\/\/upbeat-carver.217-154-185-52.plesk.page\/#\/schema\/logo\/image\/\"},\"sameAs\":[\"https:\/\/www.facebook.com\/visitasierradefrancia\/\",\"https:\/\/x.com\/visitaSF\",\"https:\/\/www.instagram.com\/visitasierradefrancia\/\",\"https:\/\/www.youtube.com\/@visitasierradefrancia\"]}]}<\/script>\n<!-- \/ Yoast SEO plugin. -->","yoast_head_json":{"title":"Experiencias - Sierra de Francia","description":"Descubre las experiencias creadas para adaptarse a todos los gustos y necesidades. Deportivos, gastron\u00f3micos, culturales, especiales ...","robots":{"index":"index","follow":"follow","max-snippet":"max-snippet:-1","max-image-preview":"max-image-preview:large","max-video-preview":"max-video-preview:-1"},"canonical":"https:\/\/upbeat-carver.217-154-185-52.plesk.page\/experiencias\/","og_locale":"es_ES","og_type":"article","og_title":"Experiencias - Sierra de Francia","og_description":"Descubre las experiencias creadas para adaptarse a todos los gustos y necesidades. Deportivos, gastron\u00f3micos, culturales, especiales ...","og_url":"https:\/\/upbeat-carver.217-154-185-52.plesk.page\/experiencias\/","og_site_name":"Sierra de Francia","article_publisher":"https:\/\/www.facebook.com\/visitasierradefrancia\/","article_modified_time":"2024-07-25T07:47:37+00:00","og_image":[{"url":"https:\/\/upbeat-carver.217-154-185-52.plesk.page\/wp-content\/uploads\/2023\/12\/salamanca_gastronomia2-copia-1.webp","type":"","width":"","height":""}],"twitter_card":"summary_large_image","twitter_site":"@visitaSF","twitter_misc":{"Tiempo de lectura":"2 minutos"},"schema":{"@context":"https:\/\/schema.org","@graph":[{"@type":"WebPage","@id":"https:\/\/upbeat-carver.217-154-185-52.plesk.page\/experiencias\/","url":"https:\/\/upbeat-carver.217-154-185-52.plesk.page\/experiencias\/","name":"Experiencias - Sierra de Francia","isPartOf":{"@id":"https:\/\/upbeat-carver.217-154-185-52.plesk.page\/#website"},"primaryImageOfPage":{"@id":"https:\/\/upbeat-carver.217-154-185-52.plesk.page\/experiencias\/#primaryimage"},"image":{"@id":"https:\/\/upbeat-carver.217-154-185-52.plesk.page\/experiencias\/#primaryimage"},"thumbnailUrl":"https:\/\/upbeat-carver.217-154-185-52.plesk.page\/wp-content\/uploads\/2023\/12\/salamanca_gastronomia2-copia-1.webp","datePublished":"2023-06-27T18:37:09+00:00","dateModified":"2024-07-25T07:47:37+00:00","description":"Descubre las experiencias creadas para adaptarse a todos los gustos y necesidades. Deportivos, gastron\u00f3micos, culturales, especiales ...","breadcrumb":{"@id":"https:\/\/upbeat-carver.217-154-185-52.plesk.page\/experiencias\/#breadcrumb"},"inLanguage":"es","potentialAction":[{"@type":"ReadAction","target":["https:\/\/upbeat-carver.217-154-185-52.plesk.page\/experiencias\/"]}]},{"@type":"ImageObject","inLanguage":"es","@id":"https:\/\/upbeat-carver.217-154-185-52.plesk.page\/experiencias\/#primaryimage","url":"https:\/\/upbeat-carver.217-154-185-52.plesk.page\/wp-content\/uploads\/2023\/12\/salamanca_gastronomia2-copia-1.webp","contentUrl":"https:\/\/upbeat-carver.217-154-185-52.plesk.page\/wp-content\/uploads\/2023\/12\/salamanca_gastronomia2-copia-1.webp"},{"@type":"BreadcrumbList","@id":"https:\/\/upbeat-carver.217-154-185-52.plesk.page\/experiencias\/#breadcrumb","itemListElement":[{"@type":"ListItem","position":1,"name":"Inicio","item":"https:\/\/upbeat-carver.217-154-185-52.plesk.page\/"},{"@type":"ListItem","position":2,"name":"Experiencias"}]},{"@type":"WebSite","@id":"https:\/\/upbeat-carver.217-154-185-52.plesk.page\/#website","url":"https:\/\/upbeat-carver.217-154-185-52.plesk.page\/","name":"Sierra de Francia","description":"","publisher":{"@id":"https:\/\/upbeat-carver.217-154-185-52.plesk.page\/#organization"},"alternateName":"Turismo Sierra de Francia","potentialAction":[{"@type":"SearchAction","target":{"@type":"EntryPoint","urlTemplate":"https:\/\/upbeat-carver.217-154-185-52.plesk.page\/?s={search_term_string}"},"query-input":{"@type":"PropertyValueSpecification","valueRequired":true,"valueName":"search_term_string"}}],"inLanguage":"es"},{"@type":"Organization","@id":"https:\/\/upbeat-carver.217-154-185-52.plesk.page\/#organization","name":"Sierra de Francia","alternateName":"Turismo Sierra de Francia","url":"https:\/\/upbeat-carver.217-154-185-52.plesk.page\/","logo":{"@type":"ImageObject","inLanguage":"es","@id":"https:\/\/upbeat-carver.217-154-185-52.plesk.page\/#\/schema\/logo\/image\/","url":"https:\/\/upbeat-carver.217-154-185-52.plesk.page\/wp-content\/uploads\/2024\/04\/cropped-logo_redondo-removebg-preview.png","contentUrl":"https:\/\/upbeat-carver.217-154-185-52.plesk.page\/wp-content\/uploads\/2024\/04\/cropped-logo_redondo-removebg-preview.png","width":512,"height":512,"caption":"Sierra de Francia"},"image":{"@id":"https:\/\/upbeat-carver.217-154-185-52.plesk.page\/#\/schema\/logo\/image\/"},"sameAs":["https:\/\/www.facebook.com\/visitasierradefrancia\/","https:\/\/x.com\/visitaSF","https:\/\/www.instagram.com\/visitasierradefrancia\/","https:\/\/www.youtube.com\/@visitasierradefrancia"]}]}},"coauthors":[],"author_meta":{"author_link":"https:\/\/upbeat-carver.217-154-185-52.plesk.page\/?author=1","display_name":"admin"},"relative_dates":{"created":"Publicado 3 a\u00f1os hace","modified":"Actualizado 2 a\u00f1os hace"},"absolute_dates":{"created":"Publicado el 27\/06\/2023","modified":"Actualizado el 25\/07\/2024"},"absolute_dates_time":{"created":"Publicado el 27\/06\/2023 18:37","modified":"Actualizado el 25\/07\/2024 07:47"},"featured_img_caption":"","featured_img":false,"series_order":"","_links":{"self":[{"href":"https:\/\/upbeat-carver.217-154-185-52.plesk.page\/index.php?rest_route=\/wp\/v2\/pages\/4525","targetHints":{"allow":["GET"]}}],"collection":[{"href":"https:\/\/upbeat-carver.217-154-185-52.plesk.page\/index.php?rest_route=\/wp\/v2\/pages"}],"about":[{"href":"https:\/\/upbeat-carver.217-154-185-52.plesk.page\/index.php?rest_route=\/wp\/v2\/types\/page"}],"author":[{"embeddable":true,"href":"https:\/\/upbeat-carver.217-154-185-52.plesk.page\/index.php?rest_route=\/wp\/v2\/users\/1"}],"replies":[{"embeddable":true,"href":"https:\/\/upbeat-carver.217-154-185-52.plesk.page\/index.php?rest_route=%2Fwp%2Fv2%2Fcomments&post=4525"}],"version-history":[{"count":64,"href":"https:\/\/upbeat-carver.217-154-185-52.plesk.page\/index.php?rest_route=\/wp\/v2\/pages\/4525\/revisions"}],"predecessor-version":[{"id":17327,"href":"https:\/\/upbeat-carver.217-154-185-52.plesk.page\/index.php?rest_route=\/wp\/v2\/pages\/4525\/revisions\/17327"}],"wp:attachment":[{"href":"https:\/\/upbeat-carver.217-154-185-52.plesk.page\/index.php?rest_route=%2Fwp%2Fv2%2Fmedia&parent=4525"}],"curies":[{"name":"wp","href":"https:\/\/api.w.org\/{rel}","templated":true}]}}